{"id":2513,"date":"2025-05-13T02:14:07","date_gmt":"2025-05-13T08:14:07","guid":{"rendered":"https:\/\/www.catatonia.tv\/catatonia\/"},"modified":"2025-06-12T16:54:01","modified_gmt":"2025-06-12T22:54:01","slug":"catatonia","status":"publish","type":"page","link":"https:\/\/www.catatonia.tv\/es\/","title":{"rendered":"Inicio"},"content":{"rendered":"\t\t<div data-elementor-type=\"wp-page\" data-elementor-id=\"2513\" class=\"elementor elementor-2513 elementor-73\" data-elementor-post-type=\"page\">\n\t\t\t\t<div class=\"elementor-element elementor-element-eaecf3d e-con-full e-flex e-con e-parent\" data-id=\"eaecf3d\" data-element_type=\"container\" data-settings=\"{&quot;jet_parallax_layout_list&quot;:[]}\">\n\t\t\t\t<div class=\"elementor-element elementor-element-b2ec786 elementor-widget elementor-widget-video_carousel\" data-id=\"b2ec786\" data-element_type=\"widget\" data-widget_type=\"video_carousel.default\">\n\t\t\t\t<div class=\"elementor-widget-container\">\n\t\t\t\t\t<div class=\"video-carousel\"><div class=\"carousel-slide\"><video muted playsinline preload=\"none\" class=\"carousel-video\" src=\"https:\/\/www.catatonia.tv\/wp-content\/uploads\/2025\/05\/Uam-Lift-52.mp4\"><\/video><div class=\"overlay-layer\"><\/div><div class=\"center-wrapper\"><div class=\"title-image-wrapper\"><img decoding=\"async\" src=\"https:\/\/e934dn4seon.exactdn.com\/wp-content\/uploads\/2025\/05\/Un-actor-malo-1.svg\" class=\"title-image\" alt=\"Title Image\" \/><\/div><div class=\"text-meta\"><div class=\"director\">JORGE CUCH\u00cd<\/div><\/div><\/div><\/div><div class=\"carousel-slide\"><video muted playsinline preload=\"none\" class=\"carousel-video\" data-src=\"https:\/\/www.catatonia.tv\/wp-content\/uploads\/2025\/05\/Eneb-Lift-1-32.mp4\"><\/video><div class=\"overlay-layer\"><\/div><div class=\"center-wrapper\"><div class=\"title-image-wrapper\"><img decoding=\"async\" src=\"https:\/\/e934dn4seon.exactdn.com\/wp-content\/uploads\/2025\/05\/Esto-no-es-berlin-1.svg\" class=\"title-image\" alt=\"Title Image\" \/><\/div><div class=\"text-meta\"><div class=\"director\">HARI SAMA<\/div><\/div><\/div><\/div><div class=\"carousel-slide\"><video muted playsinline preload=\"none\" class=\"carousel-video\" data-src=\"https:\/\/www.catatonia.tv\/wp-content\/uploads\/2025\/05\/Fer-Lift-42.mp4\"><\/video><div class=\"overlay-layer\"><\/div><div class=\"center-wrapper\"><div class=\"title-image-wrapper\"><img decoding=\"async\" src=\"https:\/\/e934dn4seon.exactdn.com\/wp-content\/uploads\/2025\/05\/Fer-1.svg\" class=\"title-image\" alt=\"Title Image\" \/><\/div><div class=\"text-meta\"><div class=\"director\">LAURA BAUMEISTER<\/div><div class=\"client\">SAVE THE CHILDREN<\/div><\/div><\/div><\/div><div class=\"carousel-slide\"><video muted playsinline preload=\"none\" class=\"carousel-video\" data-src=\"https:\/\/www.catatonia.tv\/wp-content\/uploads\/2025\/05\/Aeromexico-Lift-22.mp4\"><\/video><div class=\"overlay-layer\"><\/div><div class=\"center-wrapper\"><div class=\"title-image-wrapper\"><img decoding=\"async\" src=\"https:\/\/e934dn4seon.exactdn.com\/wp-content\/uploads\/2025\/05\/90-anios-2.svg\" class=\"title-image\" alt=\"Title Image\" \/><\/div><div class=\"text-meta\"><div class=\"director\">HARI SAMA<\/div><div class=\"client\">AEROM\u00c9XICO<\/div><\/div><\/div><\/div><div class=\"carousel-slide\"><video muted playsinline preload=\"none\" class=\"carousel-video\" data-src=\"https:\/\/www.catatonia.tv\/wp-content\/uploads\/2025\/05\/50-Ballenas-Lift-12.mp4\"><\/video><div class=\"overlay-layer\"><\/div><div class=\"center-wrapper\"><div class=\"title-image-wrapper\"><img decoding=\"async\" src=\"https:\/\/e934dn4seon.exactdn.com\/wp-content\/uploads\/2025\/05\/50-o-dos-ballenas-2.svg\" class=\"title-image\" alt=\"Title Image\" \/><\/div><div class=\"text-meta\"><div class=\"director\">JORGE CUCH\u00cd<\/div><\/div><\/div><\/div><div class=\"carousel-slide\"><video muted playsinline preload=\"none\" class=\"carousel-video\" data-src=\"https:\/\/www.catatonia.tv\/wp-content\/uploads\/2025\/06\/Mas-Que-Palabras-15s.mp4\"><\/video><div class=\"overlay-layer\"><\/div><div class=\"center-wrapper\"><div class=\"title-image-wrapper\"><img decoding=\"async\" src=\"https:\/\/e934dn4seon.exactdn.com\/wp-content\/uploads\/2025\/06\/mas-que-palabras-titulo.svg\" class=\"title-image\" alt=\"Title Image\" \/><\/div><div class=\"text-meta\"><div class=\"director\">Gerard Mates<\/div><div class=\"client\">FEMESS \/ M\u00e9xico Vivo<\/div><\/div><\/div><\/div><\/div>\t\t\t\t<\/div>\n\t\t\t\t<\/div>\n\t\t\t\t<\/div>\n\t\t\t\t<\/div>\n\t\t","protected":false},"excerpt":{"rendered":"<p>JORGE CUCH\u00cdHARI SAMALAURA BAUMEISTERSAVE THE CHILDRENHARI SAMAAEROM\u00c9XICOJORGE CUCH\u00cdGerard MatesFEMESS \/ M\u00e9xico Vivo<\/p>\n","protected":false},"author":1,"featured_media":0,"parent":0,"menu_order":0,"comment_status":"closed","ping_status":"closed","template":"","meta":{"footnotes":""},"class_list":["post-2513","page","type-page","status-publish","hentry"],"yoast_head":"<!-- This site is optimized with the Yoast SEO plugin v25.4 - https:\/\/yoast.com\/wordpress\/plugins\/seo\/ -->\n<title>Inicio - Catatonia<\/title>\n<meta name=\"description\" content=\"An award-winning production company crafting films, series, and commercials that inspire and connect audiences worldwide.\" \/>\n<meta name=\"robots\" content=\"index, follow, max-snippet:-1, max-image-preview:large, max-video-preview:-1\" \/>\n<link rel=\"canonical\" href=\"https:\/\/www.catatonia.tv\/es\/\" \/>\n<meta property=\"og:locale\" content=\"es_ES\" \/>\n<meta property=\"og:type\" content=\"article\" \/>\n<meta property=\"og:title\" content=\"Inicio - Catatonia\" \/>\n<meta property=\"og:description\" content=\"An award-winning production company crafting films, series, and commercials that inspire and connect audiences worldwide.\" \/>\n<meta property=\"og:url\" content=\"https:\/\/www.catatonia.tv\/es\/\" \/>\n<meta property=\"og:site_name\" content=\"Catatonia\" \/>\n<meta property=\"article:publisher\" content=\"https:\/\/www.facebook.com\/CatatoniaMX\/\" \/>\n<meta property=\"article:modified_time\" content=\"2025-06-12T22:54:01+00:00\" \/>\n<meta property=\"og:image\" content=\"https:\/\/www.catatonia.tv\/wp-content\/uploads\/2025\/06\/screenshot-scaled.jpg\" \/>\n\t<meta property=\"og:image:width\" content=\"1920\" \/>\n\t<meta property=\"og:image:height\" content=\"1280\" \/>\n\t<meta property=\"og:image:type\" content=\"image\/jpeg\" \/>\n<meta name=\"twitter:card\" content=\"summary_large_image\" \/>\n<meta name=\"twitter:label1\" content=\"Tiempo de lectura\" \/>\n\t<meta name=\"twitter:data1\" content=\"2 minutos\" \/>\n<script type=\"application\/ld+json\" class=\"yoast-schema-graph\">{\"@context\":\"https:\/\/schema.org\",\"@graph\":[{\"@type\":\"WebPage\",\"@id\":\"https:\/\/www.catatonia.tv\/es\/\",\"url\":\"https:\/\/www.catatonia.tv\/es\/\",\"name\":\"Inicio - Catatonia\",\"isPartOf\":{\"@id\":\"https:\/\/www.catatonia.tv\/es\/#website\"},\"primaryImageOfPage\":{\"@id\":\"https:\/\/www.catatonia.tv\/es\/#primaryimage\"},\"image\":{\"@id\":\"https:\/\/www.catatonia.tv\/es\/#primaryimage\"},\"thumbnailUrl\":\"https:\/\/www.catatonia.tv\/wp-content\/uploads\/2025\/05\/Un-actor-malo-1.svg\",\"datePublished\":\"2025-05-13T08:14:07+00:00\",\"dateModified\":\"2025-06-12T22:54:01+00:00\",\"description\":\"An award-winning production company crafting films, series, and commercials that inspire and connect audiences worldwide.\",\"breadcrumb\":{\"@id\":\"https:\/\/www.catatonia.tv\/es\/#breadcrumb\"},\"inLanguage\":\"es\",\"potentialAction\":[{\"@type\":\"ReadAction\",\"target\":[\"https:\/\/www.catatonia.tv\/es\/\"]}]},{\"@type\":\"ImageObject\",\"inLanguage\":\"es\",\"@id\":\"https:\/\/www.catatonia.tv\/es\/#primaryimage\",\"url\":\"https:\/\/www.catatonia.tv\/wp-content\/uploads\/2025\/05\/Un-actor-malo-1.svg\",\"contentUrl\":\"https:\/\/www.catatonia.tv\/wp-content\/uploads\/2025\/05\/Un-actor-malo-1.svg\"},{\"@type\":\"BreadcrumbList\",\"@id\":\"https:\/\/www.catatonia.tv\/es\/#breadcrumb\",\"itemListElement\":[{\"@type\":\"ListItem\",\"position\":1,\"name\":\"Home\",\"item\":\"https:\/\/www.catatonia.tv\/es\/\"},{\"@type\":\"ListItem\",\"position\":2,\"name\":\"Inicio\"}]},{\"@type\":\"WebSite\",\"@id\":\"https:\/\/www.catatonia.tv\/es\/#website\",\"url\":\"https:\/\/www.catatonia.tv\/es\/\",\"name\":\"Catatonia\",\"description\":\"Films and Advertising\",\"publisher\":{\"@id\":\"https:\/\/www.catatonia.tv\/es\/#organization\"},\"potentialAction\":[{\"@type\":\"SearchAction\",\"target\":{\"@type\":\"EntryPoint\",\"urlTemplate\":\"https:\/\/www.catatonia.tv\/es\/?s={search_term_string}\"},\"query-input\":{\"@type\":\"PropertyValueSpecification\",\"valueRequired\":true,\"valueName\":\"search_term_string\"}}],\"inLanguage\":\"es\"},{\"@type\":\"Organization\",\"@id\":\"https:\/\/www.catatonia.tv\/es\/#organization\",\"name\":\"Catatonia\",\"url\":\"https:\/\/www.catatonia.tv\/es\/\",\"logo\":{\"@type\":\"ImageObject\",\"inLanguage\":\"es\",\"@id\":\"https:\/\/www.catatonia.tv\/es\/#\/schema\/logo\/image\/\",\"url\":\"https:\/\/e934dn4seon.exactdn.com\/wp-content\/uploads\/2025\/05\/catatonia-logo._color-1.svg\",\"contentUrl\":\"https:\/\/e934dn4seon.exactdn.com\/wp-content\/uploads\/2025\/05\/catatonia-logo._color-1.svg\",\"width\":432.16000000000002501110429875552654266357421875,\"height\":179.06000000000000227373675443232059478759765625,\"caption\":\"Catatonia\"},\"image\":{\"@id\":\"https:\/\/www.catatonia.tv\/es\/#\/schema\/logo\/image\/\"},\"sameAs\":[\"https:\/\/www.facebook.com\/CatatoniaMX\/\",\"https:\/\/www.instagram.com\/catatoniads\/\",\"https:\/\/www.linkedin.com\/company\/catatonia\/\"]}]}<\/script>\n<!-- \/ Yoast SEO plugin. -->","yoast_head_json":{"title":"Inicio - Catatonia","description":"An award-winning production company crafting films, series, and commercials that inspire and connect audiences worldwide.","robots":{"index":"index","follow":"follow","max-snippet":"max-snippet:-1","max-image-preview":"max-image-preview:large","max-video-preview":"max-video-preview:-1"},"canonical":"https:\/\/www.catatonia.tv\/es\/","og_locale":"es_ES","og_type":"article","og_title":"Inicio - Catatonia","og_description":"An award-winning production company crafting films, series, and commercials that inspire and connect audiences worldwide.","og_url":"https:\/\/www.catatonia.tv\/es\/","og_site_name":"Catatonia","article_publisher":"https:\/\/www.facebook.com\/CatatoniaMX\/","article_modified_time":"2025-06-12T22:54:01+00:00","og_image":[{"width":1920,"height":1280,"url":"https:\/\/www.catatonia.tv\/wp-content\/uploads\/2025\/06\/screenshot-scaled.jpg","type":"image\/jpeg"}],"twitter_card":"summary_large_image","twitter_misc":{"Tiempo de lectura":"2 minutos"},"schema":{"@context":"https:\/\/schema.org","@graph":[{"@type":"WebPage","@id":"https:\/\/www.catatonia.tv\/es\/","url":"https:\/\/www.catatonia.tv\/es\/","name":"Inicio - Catatonia","isPartOf":{"@id":"https:\/\/www.catatonia.tv\/es\/#website"},"primaryImageOfPage":{"@id":"https:\/\/www.catatonia.tv\/es\/#primaryimage"},"image":{"@id":"https:\/\/www.catatonia.tv\/es\/#primaryimage"},"thumbnailUrl":"https:\/\/www.catatonia.tv\/wp-content\/uploads\/2025\/05\/Un-actor-malo-1.svg","datePublished":"2025-05-13T08:14:07+00:00","dateModified":"2025-06-12T22:54:01+00:00","description":"An award-winning production company crafting films, series, and commercials that inspire and connect audiences worldwide.","breadcrumb":{"@id":"https:\/\/www.catatonia.tv\/es\/#breadcrumb"},"inLanguage":"es","potentialAction":[{"@type":"ReadAction","target":["https:\/\/www.catatonia.tv\/es\/"]}]},{"@type":"ImageObject","inLanguage":"es","@id":"https:\/\/www.catatonia.tv\/es\/#primaryimage","url":"https:\/\/www.catatonia.tv\/wp-content\/uploads\/2025\/05\/Un-actor-malo-1.svg","contentUrl":"https:\/\/www.catatonia.tv\/wp-content\/uploads\/2025\/05\/Un-actor-malo-1.svg"},{"@type":"BreadcrumbList","@id":"https:\/\/www.catatonia.tv\/es\/#breadcrumb","itemListElement":[{"@type":"ListItem","position":1,"name":"Home","item":"https:\/\/www.catatonia.tv\/es\/"},{"@type":"ListItem","position":2,"name":"Inicio"}]},{"@type":"WebSite","@id":"https:\/\/www.catatonia.tv\/es\/#website","url":"https:\/\/www.catatonia.tv\/es\/","name":"Catatonia","description":"Films and Advertising","publisher":{"@id":"https:\/\/www.catatonia.tv\/es\/#organization"},"potentialAction":[{"@type":"SearchAction","target":{"@type":"EntryPoint","urlTemplate":"https:\/\/www.catatonia.tv\/es\/?s={search_term_string}"},"query-input":{"@type":"PropertyValueSpecification","valueRequired":true,"valueName":"search_term_string"}}],"inLanguage":"es"},{"@type":"Organization","@id":"https:\/\/www.catatonia.tv\/es\/#organization","name":"Catatonia","url":"https:\/\/www.catatonia.tv\/es\/","logo":{"@type":"ImageObject","inLanguage":"es","@id":"https:\/\/www.catatonia.tv\/es\/#\/schema\/logo\/image\/","url":"https:\/\/e934dn4seon.exactdn.com\/wp-content\/uploads\/2025\/05\/catatonia-logo._color-1.svg","contentUrl":"https:\/\/e934dn4seon.exactdn.com\/wp-content\/uploads\/2025\/05\/catatonia-logo._color-1.svg","width":432.16000000000002501110429875552654266357421875,"height":179.06000000000000227373675443232059478759765625,"caption":"Catatonia"},"image":{"@id":"https:\/\/www.catatonia.tv\/es\/#\/schema\/logo\/image\/"},"sameAs":["https:\/\/www.facebook.com\/CatatoniaMX\/","https:\/\/www.instagram.com\/catatoniads\/","https:\/\/www.linkedin.com\/company\/catatonia\/"]}]}},"_links":{"self":[{"href":"https:\/\/www.catatonia.tv\/es\/wp-json\/wp\/v2\/pages\/2513","targetHints":{"allow":["GET"]}}],"collection":[{"href":"https:\/\/www.catatonia.tv\/es\/wp-json\/wp\/v2\/pages"}],"about":[{"href":"https:\/\/www.catatonia.tv\/es\/wp-json\/wp\/v2\/types\/page"}],"author":[{"embeddable":true,"href":"https:\/\/www.catatonia.tv\/es\/wp-json\/wp\/v2\/users\/1"}],"replies":[{"embeddable":true,"href":"https:\/\/www.catatonia.tv\/es\/wp-json\/wp\/v2\/comments?post=2513"}],"version-history":[{"count":0,"href":"https:\/\/www.catatonia.tv\/es\/wp-json\/wp\/v2\/pages\/2513\/revisions"}],"wp:attachment":[{"href":"https:\/\/www.catatonia.tv\/es\/wp-json\/wp\/v2\/media?parent=2513"}],"curies":[{"name":"wp","href":"https:\/\/api.w.org\/{rel}","templated":true}]}}